{"id":120,"date":"2016-11-21T14:10:06","date_gmt":"2016-11-21T13:10:06","guid":{"rendered":"http:\/\/dclrabogados.com\/www\/?page_id=120"},"modified":"2016-12-27T12:52:56","modified_gmt":"2016-12-27T11:52:56","slug":"reclamacion-de-impagados","status":"publish","type":"page","link":"http:\/\/dclrabogados.com\/www\/reclamacion-de-impagados\/","title":{"rendered":"Reclamaci\u00f3n de impagados"},"content":{"rendered":"<p>Desde nuestros inicios la <strong>RECLAMACION DE FACTURAS IMPAGADAS<\/strong> ha sido nuestra principal actividad.<\/p>\n<p>Nuestro servicio de recuperaci\u00f3n de deudas, perfeccionado tras m\u00e1s 35 a\u00f1os de experiencia, destaca y se diferencia primordialmente por:<\/p>\n<ul>\n<li>La reclamaci\u00f3n est\u00e1 gestionada en <span style=\"text-decoration: underline;\">TODO MOMENTO<\/span> por <strong>ABOGADOS<\/strong> especializados. Desde la reclamaci\u00f3n amistosa a la judicial.<\/li>\n<li><strong>AMBITO NACIONAL<\/strong>. Reclamaci\u00f3n de impagados de cualquier cuant\u00eda, en todo el territorio nacional, y defensa en su caso ante toda clase de Juzgados y Tribunales.<br \/>\nEste despacho cuenta con una ampl\u00edsima red de colaboradores distribuida por todo el territorio del que podr\u00e1 beneficiarse el cliente: Procuradores, Notarios, Peritos, etc\u2026<\/li>\n<li><strong>CENTRALIZACION<\/strong>. El cliente, al que se le informa puntualmente, tiene acceso directo al Letrado que gestiona su reclamaci\u00f3n. Un \u00fanico interlocutor que conoce su caso.<\/li>\n<li><strong>CONTROL del gasto<\/strong> por parte del cliente. El cliente no se ver\u00e1 impedido de acudir a la v\u00eda judicial para reclamar a sus morosos, lo que debilita su posici\u00f3n en el mercado, por un tema de costes.<\/li>\n<\/ul>\n<p><strong><span style=\"text-decoration: underline;\">La rapidez y agilidad de actuaciones es clave a la hora de reclamar con \u00e9xito un impago<\/span><\/strong><\/p>\n<p><strong><span style=\"text-decoration: underline; color: #ff0000;\">FASE EXTRAJUDICIAL O AMISTOSA<\/span><\/strong><\/p>\n<ul>\n<li>Remisi\u00f3n inmediata al deudor, a todas sus direcciones, de <span style=\"text-decoration: underline;\">requerimiento fehaciente de pago<\/span>, encabezado y firmado por Letrado colegiado.<\/li>\n<li>Negociaci\u00f3n con el deudor. Redacci\u00f3n de acuerdo de pago en caso de alcanzarse, y seguimiento y verificaci\u00f3n de su cumplimiento.<\/li>\n<li><em><strong><span style=\"text-decoration: underline;\">Cuando no se produzca recuperaci\u00f3n no se devengar\u00e1n Honorarios, ni coste alguno como gasto de gesti\u00f3n o apertura. <span style=\"color: #0000ff; text-decoration: underline;\">Si el cliente no cobra, nosotros tampoco.<\/span><\/span><\/strong><\/em><\/li>\n<\/ul>\n<p>Se aplicar\u00e1 sobre el cobro realmente obtenido el siguiente <a href=\"http:\/\/dclrabogados.com\/www\/baremos-de-reclamaciones-extrajudiciales\/\" target=\"_blank\">baremo<\/a><\/p>\n<p><span style=\"text-decoration: underline; color: #ff0000;\"><strong>FASE JUDICIAL<\/strong><\/span><\/p>\n<ul>\n<li>Estudio detallado de cada expediente a fin de elegir el procedimiento judicial de reclamaci\u00f3n m\u00e1s adecuado para cada caso concreto.<\/li>\n<li>Informaci\u00f3n puntual al cliente de todo lo que acontezca en el proceso, y remisi\u00f3n de todas la resoluciones judiciales<\/li>\n<li>Posibilidad de gestionar la recuperaci\u00f3n del IVA de las facturas impagadas en la Agencia Tributaria en nombre del cliente<\/li>\n<\/ul>\n","protected":false},"excerpt":{"rendered":"<p>Desde nuestros inicios la RECLAMACION DE FACTURAS IMPAGADAS ha sido nuestra principal actividad. Nuestro servicio de recuperaci\u00f3n de deudas, perfeccionado tras m\u00e1s 35 a\u00f1os de experiencia, destaca y se diferencia primordialmente por: La reclamaci\u00f3n est\u00e1 gestionada en TODO MOMENTO por ABOGADOS especializados. Desde la reclamaci\u00f3n amistosa a la judicial. AMBITO NACIONAL. Reclamaci\u00f3n de impagados de [&hellip;]<\/p>\n","protected":false},"author":3,"featured_media":0,"parent":0,"menu_order":0,"comment_status":"closed","ping_status":"closed","template":"","meta":{"footnotes":""},"class_list":["post-120","page","type-page","status-publish","hentry"],"_links":{"self":[{"href":"http:\/\/dclrabogados.com\/www\/wp-json\/wp\/v2\/pages\/120","targetHints":{"allow":["GET"]}}],"collection":[{"href":"http:\/\/dclrabogados.com\/www\/wp-json\/wp\/v2\/pages"}],"about":[{"href":"http:\/\/dclrabogados.com\/www\/wp-json\/wp\/v2\/types\/page"}],"author":[{"embeddable":true,"href":"http:\/\/dclrabogados.com\/www\/wp-json\/wp\/v2\/users\/3"}],"replies":[{"embeddable":true,"href":"http:\/\/dclrabogados.com\/www\/wp-json\/wp\/v2\/comments?post=120"}],"version-history":[{"count":4,"href":"http:\/\/dclrabogados.com\/www\/wp-json\/wp\/v2\/pages\/120\/revisions"}],"predecessor-version":[{"id":269,"href":"http:\/\/dclrabogados.com\/www\/wp-json\/wp\/v2\/pages\/120\/revisions\/269"}],"wp:attachment":[{"href":"http:\/\/dclrabogados.com\/www\/wp-json\/wp\/v2\/media?parent=120"}],"curies":[{"name":"wp","href":"https:\/\/api.w.org\/{rel}","templated":true}]}}