{"id":20,"date":"2016-10-27T09:45:42","date_gmt":"2016-10-27T08:45:42","guid":{"rendered":"http:\/\/dclrabogados.com\/www\/?page_id=20"},"modified":"2019-06-26T17:08:37","modified_gmt":"2019-06-26T16:08:37","slug":"nosotros","status":"publish","type":"page","link":"http:\/\/dclrabogados.com\/www\/nosotros\/","title":{"rendered":"Nosotros"},"content":{"rendered":"<p class=\"rtejustify\"><strong>DEL CERRO LEON &amp; ROYO ABOGADOS, S.L.P<\/strong>. hace 40 a\u00f1os que viene\u00a0ofreciendo, a nivel nacional, sus servicios legales y de Asesor\u00eda Jur\u00eddica a empresas.<\/p>\n<p class=\"rtejustify\">Se trata de una Bufete esencialmente procesalista, que tiene una amplia y contrastada experiencia en el \u00e1mbito <u><strong>Civil<\/strong> y <strong>Mercantil<\/strong><\/u>,\u00a0estando especializado en asuntos de reclamaci\u00f3n de cantidad, ejecuci\u00f3n, responsabilidad\u00a0de administradores, concursal y contrataci\u00f3n.<\/p>\n<p class=\"rtejustify\">La firma <strong>DEL CERRO LEON &amp; ROYO ABOGADOS, S.L.P.<\/strong>, es de AMBITO NACIONAL, y cuenta con una extensa\u00a0red de colaboradores (Abogados, Procuradores, Notarios, Peritos, etc..), repartida a\u00a0trav\u00e9s de todos los partidos judiciales del pa\u00eds, centralizados en este despacho, lo que\u00a0supone un ahorro de tiempo y coste al cliente, facilitando su gesti\u00f3n y seguimiento.<\/p>\n<p class=\"rtejustify\">Comprometidos con los intereses de cada uno de nuestros clientes, efectuamos traslados\u00a0de resoluciones, escritos, y res\u00famenes peri\u00f3dicos de situaci\u00f3n, que permite:<\/p>\n<p class=\"rtejustify\">&#8211;\u00a0un exacto y puntual conocimiento del trabajo realizado y del procedimiento<br \/>\n&#8211; establecer una relaci\u00f3n c\u00f3moda y estable entre las personas que forman el\u00a0despacho y el departamento del cliente<\/p>\n<p class=\"rtejustify\">Conocedores del constante cambio en que se encuentra el mundo empresarial, les\u00a0invitamos a que se pongan en contacto con nosotros, a fin de brindarles una atenci\u00f3n\u00a0m\u00e1s personalizada, y detallarles la totalidad de los servicios que este Bufete puede\u00a0ofrecerles.<\/p>\n","protected":false},"excerpt":{"rendered":"<p>DEL CERRO LEON &amp; ROYO ABOGADOS, S.L.P. hace 40 a\u00f1os que viene\u00a0ofreciendo, a nivel nacional, sus servicios legales y de Asesor\u00eda Jur\u00eddica a empresas. Se trata de una Bufete esencialmente procesalista, que tiene una amplia y contrastada experiencia en el \u00e1mbito Civil y Mercantil,\u00a0estando especializado en asuntos de reclamaci\u00f3n de cantidad, ejecuci\u00f3n, responsabilidad\u00a0de administradores, concursal [&hellip;]<\/p>\n","protected":false},"author":3,"featured_media":0,"parent":0,"menu_order":0,"comment_status":"closed","ping_status":"closed","template":"","meta":{"footnotes":""},"class_list":["post-20","page","type-page","status-publish","hentry"],"_links":{"self":[{"href":"http:\/\/dclrabogados.com\/www\/wp-json\/wp\/v2\/pages\/20","targetHints":{"allow":["GET"]}}],"collection":[{"href":"http:\/\/dclrabogados.com\/www\/wp-json\/wp\/v2\/pages"}],"about":[{"href":"http:\/\/dclrabogados.com\/www\/wp-json\/wp\/v2\/types\/page"}],"author":[{"embeddable":true,"href":"http:\/\/dclrabogados.com\/www\/wp-json\/wp\/v2\/users\/3"}],"replies":[{"embeddable":true,"href":"http:\/\/dclrabogados.com\/www\/wp-json\/wp\/v2\/comments?post=20"}],"version-history":[{"count":2,"href":"http:\/\/dclrabogados.com\/www\/wp-json\/wp\/v2\/pages\/20\/revisions"}],"predecessor-version":[{"id":363,"href":"http:\/\/dclrabogados.com\/www\/wp-json\/wp\/v2\/pages\/20\/revisions\/363"}],"wp:attachment":[{"href":"http:\/\/dclrabogados.com\/www\/wp-json\/wp\/v2\/media?parent=20"}],"curies":[{"name":"wp","href":"https:\/\/api.w.org\/{rel}","templated":true}]}}