{"id":24,"date":"2016-10-27T09:46:42","date_gmt":"2016-10-27T08:46:42","guid":{"rendered":"http:\/\/dclrabogados.com\/www\/?page_id=24"},"modified":"2016-12-12T16:24:42","modified_gmt":"2016-12-12T15:24:42","slug":"area-procesal","status":"publish","type":"page","link":"http:\/\/dclrabogados.com\/www\/area-procesal\/","title":{"rendered":"\u00c1rea procesal"},"content":{"rendered":"<p class=\"rtejustify\">Este campo cubre las necesidades que afectan al tr\u00e1fico jur\u00eddico mercantil de la empresa, con independencia de la forma societaria o individual de la misma.<\/p>\n<p class=\"rtejustify\">Comprende todos aquellos trabajos y actuaciones que surgen a lo largo de la vida empresarial, desde su constituci\u00f3n hasta su liquidaci\u00f3n, entre otros:<\/p>\n<ul>\n<li class=\"rtejustify\">Constituci\u00f3n de sociedades y tr\u00e1mites relacionados.<\/li>\n<li class=\"rtejustify\">Solicitud de denominaciones sociales<\/li>\n<li class=\"rtejustify\">Redacci\u00f3n o estudio de todo tipo de contratos mercantiles y documentos.<\/li>\n<li class=\"rtejustify\">Negociaciones extrajudiciales para la resoluci\u00f3n de conflictos<\/li>\n<li class=\"rtejustify\">Consultas, notas, informes o dict\u00e1menes por escrito.<\/li>\n<li class=\"rtejustify\">Dictamen con exposici\u00f3n de antecedentes, y consideraciones Jur\u00eddica<\/li>\n<li class=\"rtejustify\">Expedientes concursales<\/li>\n<li class=\"rtejustify\">Asistencia a Juntas<\/li>\n<li class=\"rtejustify\">Inscripci\u00f3n de documentos y escrituras notariales<\/li>\n<li class=\"rtejustify\">Legalizaci\u00f3n y actualizaci\u00f3n de sociedades<\/li>\n<li class=\"rtejustify\">Elaboraci\u00f3n de informes para Auditores<\/li>\n<\/ul>\n<p class=\"rtejustify\">Todo siempre desde el amplio conocimiento y aplicaci\u00f3n de la legislaci\u00f3n vigente correspondiente.<\/p>\n<p class=\"rtejustify\">Asimismo, se presta asistencia jur\u00eddica a los \u00f3rganos de administraci\u00f3n en calidad de Letrados asesores, todo ello desde el an\u00e1lisis y estudio pormenorizado de cada supuesto concreto<\/p>\n","protected":false},"excerpt":{"rendered":"<p>Este campo cubre las necesidades que afectan al tr\u00e1fico jur\u00eddico mercantil de la empresa, con independencia de la forma societaria o individual de la misma. Comprende todos aquellos trabajos y actuaciones que surgen a lo largo de la vida empresarial, desde su constituci\u00f3n hasta su liquidaci\u00f3n, entre otros: Constituci\u00f3n de sociedades y tr\u00e1mites relacionados. Solicitud [&hellip;]<\/p>\n","protected":false},"author":3,"featured_media":0,"parent":0,"menu_order":0,"comment_status":"closed","ping_status":"closed","template":"","meta":{"footnotes":""},"class_list":["post-24","page","type-page","status-publish","hentry"],"_links":{"self":[{"href":"http:\/\/dclrabogados.com\/www\/wp-json\/wp\/v2\/pages\/24","targetHints":{"allow":["GET"]}}],"collection":[{"href":"http:\/\/dclrabogados.com\/www\/wp-json\/wp\/v2\/pages"}],"about":[{"href":"http:\/\/dclrabogados.com\/www\/wp-json\/wp\/v2\/types\/page"}],"author":[{"embeddable":true,"href":"http:\/\/dclrabogados.com\/www\/wp-json\/wp\/v2\/users\/3"}],"replies":[{"embeddable":true,"href":"http:\/\/dclrabogados.com\/www\/wp-json\/wp\/v2\/comments?post=24"}],"version-history":[{"count":3,"href":"http:\/\/dclrabogados.com\/www\/wp-json\/wp\/v2\/pages\/24\/revisions"}],"predecessor-version":[{"id":66,"href":"http:\/\/dclrabogados.com\/www\/wp-json\/wp\/v2\/pages\/24\/revisions\/66"}],"wp:attachment":[{"href":"http:\/\/dclrabogados.com\/www\/wp-json\/wp\/v2\/media?parent=24"}],"curies":[{"name":"wp","href":"https:\/\/api.w.org\/{rel}","templated":true}]}}