{"id":263,"date":"2016-12-12T16:20:58","date_gmt":"2016-12-12T15:20:58","guid":{"rendered":"http:\/\/dclrabogados.com\/www\/?page_id=263"},"modified":"2016-12-12T16:32:10","modified_gmt":"2016-12-12T15:32:10","slug":"baremos-de-reclamaciones-extrajudiciales","status":"publish","type":"page","link":"http:\/\/dclrabogados.com\/www\/baremos-de-reclamaciones-extrajudiciales\/","title":{"rendered":"Baremos de reclamaciones extrajudiciales"},"content":{"rendered":"<p><strong>\u00a0<\/strong><strong>BAREMO RECLAMACIONES EXTRAJUDICIALES<\/strong><\/p>\n<p>&nbsp;<\/p>\n<p>Se aplicar\u00e1 sobre el cobro realmente obtenido el siguiente baremo:<\/p>\n<table width=\"383\">\n<tbody>\n<tr>\n<td width=\"209\">Hasta<\/td>\n<td width=\"102\">6.010,12 \u20ac<\/td>\n<td width=\"72\">20%<\/td>\n<\/tr>\n<tr>\n<td width=\"209\">Lo que exceda hasta<\/td>\n<td width=\"102\">18.030,36 \u20ac<\/td>\n<td width=\"72\">15%<\/td>\n<\/tr>\n<tr>\n<td width=\"209\">\u00a0\u201c\u00a0\u00a0\u00a0\u00a0 \u201c\u00a0\u00a0\u00a0\u00a0\u00a0\u00a0 \u201c\u00a0\u00a0\u00a0\u00a0\u00a0\u00a0\u00a0\u00a0 \u201c<\/td>\n<td width=\"102\">42.070,85 \u20ac<\/td>\n<td width=\"72\">12%<\/td>\n<\/tr>\n<tr>\n<td width=\"209\">\u00a0\u201c\u00a0\u00a0\u00a0\u00a0 \u201c\u00a0\u00a0\u00a0\u00a0\u00a0\u00a0 \u201c\u00a0\u00a0\u00a0\u00a0\u00a0\u00a0\u00a0\u00a0 \u201c<\/td>\n<td width=\"102\">60.101,21 \u20ac<\/td>\n<td width=\"72\">9%<\/td>\n<\/tr>\n<tr>\n<td width=\"209\">\u00a0 \u201c\u00a0\u00a0\u00a0 \u201c\u00a0\u00a0\u00a0\u00a0\u00a0\u00a0 \u201c\u00a0\u00a0\u00a0\u00a0\u00a0\u00a0\u00a0\u00a0 \u201c<\/td>\n<td width=\"102\">100.000,00 \u20ac<\/td>\n<td width=\"72\">7%<\/td>\n<\/tr>\n<tr>\n<td width=\"209\">\u00a0A partir de<\/td>\n<td width=\"102\">100.001,00 \u20ac<\/td>\n<td width=\"72\">3%<\/td>\n<\/tr>\n<\/tbody>\n<\/table>\n<p><strong><em><u><br \/>\nCuando no se produzca recuperaci\u00f3n no se devengar\u00e1n Honorarios, ni coste alguno como gasto de gesti\u00f3n.<\/u><\/em><\/strong><\/p>\n","protected":false},"excerpt":{"rendered":"<p>\u00a0BAREMO RECLAMACIONES EXTRAJUDICIALES &nbsp; Se aplicar\u00e1 sobre el cobro realmente obtenido el siguiente baremo: Hasta 6.010,12 \u20ac 20% Lo que exceda hasta 18.030,36 \u20ac 15% \u00a0\u201c\u00a0\u00a0\u00a0\u00a0 \u201c\u00a0\u00a0\u00a0\u00a0\u00a0\u00a0 \u201c\u00a0\u00a0\u00a0\u00a0\u00a0\u00a0\u00a0\u00a0 \u201c 42.070,85 \u20ac 12% \u00a0\u201c\u00a0\u00a0\u00a0\u00a0 \u201c\u00a0\u00a0\u00a0\u00a0\u00a0\u00a0 \u201c\u00a0\u00a0\u00a0\u00a0\u00a0\u00a0\u00a0\u00a0 \u201c 60.101,21 \u20ac 9% \u00a0 \u201c\u00a0\u00a0\u00a0 \u201c\u00a0\u00a0\u00a0\u00a0\u00a0\u00a0 \u201c\u00a0\u00a0\u00a0\u00a0\u00a0\u00a0\u00a0\u00a0 \u201c 100.000,00 \u20ac 7% \u00a0A partir de 100.001,00 \u20ac 3% Cuando no [&hellip;]<\/p>\n","protected":false},"author":3,"featured_media":0,"parent":0,"menu_order":0,"comment_status":"closed","ping_status":"closed","template":"","meta":{"footnotes":""},"class_list":["post-263","page","type-page","status-publish","hentry"],"_links":{"self":[{"href":"http:\/\/dclrabogados.com\/www\/wp-json\/wp\/v2\/pages\/263","targetHints":{"allow":["GET"]}}],"collection":[{"href":"http:\/\/dclrabogados.com\/www\/wp-json\/wp\/v2\/pages"}],"about":[{"href":"http:\/\/dclrabogados.com\/www\/wp-json\/wp\/v2\/types\/page"}],"author":[{"embeddable":true,"href":"http:\/\/dclrabogados.com\/www\/wp-json\/wp\/v2\/users\/3"}],"replies":[{"embeddable":true,"href":"http:\/\/dclrabogados.com\/www\/wp-json\/wp\/v2\/comments?post=263"}],"version-history":[{"count":4,"href":"http:\/\/dclrabogados.com\/www\/wp-json\/wp\/v2\/pages\/263\/revisions"}],"predecessor-version":[{"id":272,"href":"http:\/\/dclrabogados.com\/www\/wp-json\/wp\/v2\/pages\/263\/revisions\/272"}],"wp:attachment":[{"href":"http:\/\/dclrabogados.com\/www\/wp-json\/wp\/v2\/media?parent=263"}],"curies":[{"name":"wp","href":"https:\/\/api.w.org\/{rel}","templated":true}]}}