{"id":28,"date":"2016-10-27T09:47:32","date_gmt":"2016-10-27T08:47:32","guid":{"rendered":"http:\/\/dclrabogados.com\/www\/?page_id=28"},"modified":"2016-12-12T16:24:13","modified_gmt":"2016-12-12T15:24:13","slug":"area-fiscal-y-contable","status":"publish","type":"page","link":"http:\/\/dclrabogados.com\/www\/area-fiscal-y-contable\/","title":{"rendered":"\u00c1rea fiscal y contable"},"content":{"rendered":"<p class=\"rtejustify\">Servicio para empresas nacionales y extranjeras en la operativa diaria de sus organizaciones, facilit\u00e1ndoles la presentaci\u00f3n de impuestos, llevanza de sus contabilidades y su gesti\u00f3n administrativa<\/p>\n<p class=\"rtejustify\">Se pretende dar un servicio completo de gesti\u00f3n y asesor\u00eda a la empresa, mediante un desarrollo de los siguientes servicios, entre otros:<\/p>\n<ul>\n<li class=\"rtejustify\">Procesos de reorganizaci\u00f3n, adquisici\u00f3n y fusi\u00f3n de empresas<\/li>\n<li class=\"rtejustify\">Servicio de recuperaci\u00f3n de IVA ante impagado<\/li>\n<li class=\"rtejustify\">Liquidaciones de impuestos \/ Gesti\u00f3n Tributaria (Impuestos trimestrales y anuales, v\u00e9ase IVA, IRPF, IAE, ARRENDAMIENTOS, PAGOS A CUENTA, IMPUESTO SOCIEDADES\u2026)<\/li>\n<li class=\"rtejustify\">Valoraci\u00f3n de empresas y \u201cauditor\u00eda interna\u201d<\/li>\n<li class=\"rtejustify\">Elaboraci\u00f3n Contabilidades<\/li>\n<li class=\"rtejustify\">Legalizaci\u00f3n de Libros Contables<\/li>\n<li class=\"rtejustify\">Confecci\u00f3n y dep\u00f3sito de Cuentas Anuales<\/li>\n<li class=\"rtejustify\">Reporting Contable<\/li>\n<li class=\"rtejustify\">Confecci\u00f3n de Libros Registro fiscales<\/li>\n<li class=\"rtejustify\">Elaboraci\u00f3n de estados financieros<\/li>\n<li class=\"rtejustify\">Operaciones vinculadas y obligaciones de documentaci\u00f3n<\/li>\n<li class=\"rtejustify\">Representaci\u00f3n fiscal<\/li>\n<li class=\"rtejustify\">Asesor\u00eda contable y econ\u00f3mica<\/li>\n<li class=\"rtejustify\">Gesti\u00f3n contable y asesoramiento de franquicias<\/li>\n<\/ul>\n<p class=\"rtejustify\"><strong>Servicio especializado en PYMES<\/strong> que permitir\u00e1 externalizar los procesos contables y financieros de la misma sirviendo de apoyo a la direcci\u00f3n de la compa\u00f1\u00eda.<\/p>\n<p class=\"rtejustify\"><strong>Servicio a Particulares<\/strong>: especializado en:<\/p>\n<ul>\n<li class=\"rtejustify\">Asesoramiento de beneficios fiscales.<\/li>\n<li class=\"rtejustify\">Liquidaci\u00f3n de impuestos (Impuestos trimestrales y anuales, v\u00e9ase, RENTA (IRPF), IAE, SUCESIONES, DONACIONES, PATRIMONIO, TRANSMISIONES PATRIMONIALES, ARRENDAMIENTOS, PAGOS A CUENTA, etc..)<\/li>\n<li class=\"rtejustify\">Asesor\u00eda contable y econ\u00f3mica<\/li>\n<li class=\"rtejustify\">Gesti\u00f3n de inmuebles (Contabilizaci\u00f3n de pago de rentas, reclamaci\u00f3n de impagos, desahucios, etc)<\/li>\n<\/ul>\n","protected":false},"excerpt":{"rendered":"<p>Servicio para empresas nacionales y extranjeras en la operativa diaria de sus organizaciones, facilit\u00e1ndoles la presentaci\u00f3n de impuestos, llevanza de sus contabilidades y su gesti\u00f3n administrativa Se pretende dar un servicio completo de gesti\u00f3n y asesor\u00eda a la empresa, mediante un desarrollo de los siguientes servicios, entre otros: Procesos de reorganizaci\u00f3n, adquisici\u00f3n y fusi\u00f3n de [&hellip;]<\/p>\n","protected":false},"author":3,"featured_media":0,"parent":0,"menu_order":0,"comment_status":"closed","ping_status":"closed","template":"","meta":{"footnotes":""},"class_list":["post-28","page","type-page","status-publish","hentry"],"_links":{"self":[{"href":"http:\/\/dclrabogados.com\/www\/wp-json\/wp\/v2\/pages\/28","targetHints":{"allow":["GET"]}}],"collection":[{"href":"http:\/\/dclrabogados.com\/www\/wp-json\/wp\/v2\/pages"}],"about":[{"href":"http:\/\/dclrabogados.com\/www\/wp-json\/wp\/v2\/types\/page"}],"author":[{"embeddable":true,"href":"http:\/\/dclrabogados.com\/www\/wp-json\/wp\/v2\/users\/3"}],"replies":[{"embeddable":true,"href":"http:\/\/dclrabogados.com\/www\/wp-json\/wp\/v2\/comments?post=28"}],"version-history":[{"count":2,"href":"http:\/\/dclrabogados.com\/www\/wp-json\/wp\/v2\/pages\/28\/revisions"}],"predecessor-version":[{"id":59,"href":"http:\/\/dclrabogados.com\/www\/wp-json\/wp\/v2\/pages\/28\/revisions\/59"}],"wp:attachment":[{"href":"http:\/\/dclrabogados.com\/www\/wp-json\/wp\/v2\/media?parent=28"}],"curies":[{"name":"wp","href":"https:\/\/api.w.org\/{rel}","templated":true}]}}