{"id":293,"date":"2017-01-10T15:29:57","date_gmt":"2017-01-10T14:29:57","guid":{"rendered":"http:\/\/dclrabogados.com\/www\/?page_id=293"},"modified":"2017-01-10T15:29:57","modified_gmt":"2017-01-10T14:29:57","slug":"cookies","status":"publish","type":"page","link":"http:\/\/dclrabogados.com\/www\/cookies\/","title":{"rendered":"Cookies"},"content":{"rendered":"<p><strong>\u00bfQu\u00e9 es una cookie?<\/strong><\/p>\n<p>Las cookies son peque\u00f1os archivos que se descargan en el ordenador cuando naveguesmper sitios web. Un ejemplo sencillo ser\u00eda cuando se entra en la p\u00e1gina de una cuenta de correo electr\u00f3nico web como Gmail, Outlook o Yahoo Mail.<\/p>\n<p>Las cookies permiten a un sitio web reconocer el navegador de un usuario y no contienen ni recopilan informaci\u00f3n. Se usan, por ejemplo, para mantener un usuario autenticado en una cuenta, sin que sea necesario que se autentique cada vez que accede a su cuenta. Otro ejemplo es la publicidad basada en anuncios que haya visitado el usuario previamente, donde se le intentan ofrecer anuncios m\u00e1s relevantes.<\/p>\n<p><strong>Tipo de cookies:<\/strong><\/p>\n<p><strong>Cookies de primeras partes<\/strong><br \/>\nSon cookies estrictamente necesarias. Permiten la interactuaci\u00f3n del usuario por el sitio web utilizando todas sus funciones.<\/p>\n<p><strong>Cookies de rendimiento y an\u00e1lisis:<\/strong><br \/>\nSon cookies utilizadas para el an\u00e1lisis y estad\u00edsticas que mejoran la experiencia del sitio web. Mediante el uso de estas cookies se puede mostrar informaci\u00f3n m\u00e1s relevante a los visitantes.<\/p>\n<p><strong>Cookies de afiliaci\u00f3n:<\/strong><br \/>\nEn un sitio web con enlaces de afiliaci\u00f3n, este tipo de cookies permite que la empresa de afiliaci\u00f3n detecte que un cliente suyo procede de este sitio.<\/p>\n<p>En caso de que la p\u00e1gina web use Google Analytics, se habilita en el dominio del sitio web las cookies denominadas:<\/p>\n<p>\u00ab__ * UTMA\u00bb: es necesaria para el funcionamiento de Google Analytics<br \/>\n\u00ab__ * Utmz\u00bb: es utilizada para realizar la ubicaci\u00f3n de la visita, es decir, desde d\u00f3nde y c\u00f3mo ha llegado el usuario en nuestra web<\/p>\n<p>El objetivo es recopilar estad\u00edsticas, el n\u00famero de visitas, el periodo de consultas, el buscador utilizado para acceder al sitio web, las palabras clave utilizadas, la ubicaci\u00f3n global del visitante, los contenidos visitados en el sitio web, as\u00ed como otros par\u00e1metros del tr\u00e1fico en el sitio web, siempre desde el anonimato.<\/p>\n<p>Google almacena esta informaci\u00f3n recogida por las cookies de forma que no se identifica a ning\u00fan usuario. Tampoco se asocia su direcci\u00f3n de IP con cualquier otra informaci\u00f3n de la que disponga. Adem\u00e1s, Google Inc. es una empresa que se encuentra adherida al Acuerdo de Puerto Seguro. Este acuerdo garantiza que los datos transferidos ser\u00e1n tratados conforme a los niveles de protecci\u00f3n de la normativa europea. Para obtener m\u00e1s informaci\u00f3n sobre Google Analytics puede dirigirse al siguiente enlace.<\/p>\n<p><strong>Como desactivo las cookies?<\/strong><\/p>\n<p>Todos los navegadores permiten hacer cambios que permiten desactivar la configuraci\u00f3n de las cookies. Estos ajustes los encontramos situados en las \u00abopciones\u00bb o \u00abpreferencias\u00bb del men\u00fa del navegador.<\/p>\n<p>Recuerde, sin embargo, que inhabilitar las cookies implica perder funcionalidad en muchos sitios web.<\/p>\n","protected":false},"excerpt":{"rendered":"<p>\u00bfQu\u00e9 es una cookie? Las cookies son peque\u00f1os archivos que se descargan en el ordenador cuando naveguesmper sitios web. Un ejemplo sencillo ser\u00eda cuando se entra en la p\u00e1gina de una cuenta de correo electr\u00f3nico web como Gmail, Outlook o Yahoo Mail. Las cookies permiten a un sitio web reconocer el navegador de un usuario [&hellip;]<\/p>\n","protected":false},"author":1,"featured_media":0,"parent":0,"menu_order":0,"comment_status":"closed","ping_status":"closed","template":"","meta":{"footnotes":""},"class_list":["post-293","page","type-page","status-publish","hentry"],"_links":{"self":[{"href":"http:\/\/dclrabogados.com\/www\/wp-json\/wp\/v2\/pages\/293","targetHints":{"allow":["GET"]}}],"collection":[{"href":"http:\/\/dclrabogados.com\/www\/wp-json\/wp\/v2\/pages"}],"about":[{"href":"http:\/\/dclrabogados.com\/www\/wp-json\/wp\/v2\/types\/page"}],"author":[{"embeddable":true,"href":"http:\/\/dclrabogados.com\/www\/wp-json\/wp\/v2\/users\/1"}],"replies":[{"embeddable":true,"href":"http:\/\/dclrabogados.com\/www\/wp-json\/wp\/v2\/comments?post=293"}],"version-history":[{"count":1,"href":"http:\/\/dclrabogados.com\/www\/wp-json\/wp\/v2\/pages\/293\/revisions"}],"predecessor-version":[{"id":294,"href":"http:\/\/dclrabogados.com\/www\/wp-json\/wp\/v2\/pages\/293\/revisions\/294"}],"wp:attachment":[{"href":"http:\/\/dclrabogados.com\/www\/wp-json\/wp\/v2\/media?parent=293"}],"curies":[{"name":"wp","href":"https:\/\/api.w.org\/{rel}","templated":true}]}}