{"id":32,"date":"2016-10-27T09:48:58","date_gmt":"2016-10-27T08:48:58","guid":{"rendered":"http:\/\/dclrabogados.com\/www\/?page_id=32"},"modified":"2016-12-12T16:24:43","modified_gmt":"2016-12-12T15:24:43","slug":"prevencion-de-riesgos","status":"publish","type":"page","link":"http:\/\/dclrabogados.com\/www\/prevencion-de-riesgos\/","title":{"rendered":"Prevenci\u00f3n de riesgos"},"content":{"rendered":"<p class=\"rtejustify\">Nuestro servicio m\u00e1s demandado, del que fuimos pioneros en este pa\u00eds.<\/p>\n<p class=\"rtejustify\">Es la herramienta ideada por este despacho para empresas de cualquier tama\u00f1o, especialmente para\u00a0 ayudar o dar soporte a departamentos de Cr\u00e9dito, Legal y Compliance Officer, PYMES o emprendedores.<\/p>\n<p class=\"rtejustify\">Se trata de facilitar de forma constante informaci\u00f3n y formaci\u00f3n, \u00fatil y actualizada para que el propio cliente la gestione de la manera m\u00e1s adecuada a sus intereses: actualizaci\u00f3n de protocolos y programas de prevenci\u00f3n, conocimientos, medidas de prevenci\u00f3n, estrategias a la hora de vender a cr\u00e9dito o recuperar, etc\u2026<\/p>\n<p>Los suscriptores a este servicio cuentan con nuestro respaldo jur\u00eddico: consultas r\u00e1pidas, revisiones de documentos, etc..<\/p>\n<p>Los asociados a este servicio disfrutan de las siguientes ventajas:<\/p>\n<ul>\n<li class=\"rtejustify\">Colaboraci\u00f3n e intercambio de informaci\u00f3n sectorial, principalmente sector de alimentaci\u00f3n y bebidas<\/li>\n<li class=\"rtejustify\">Boletines diarios de noticias sectoriales.<\/li>\n<li class=\"rtejustify\">Localizaci\u00f3n diaria a nivel nacional, y servicio de alerta en su caso, de procedimientos concursales interpuestos y en los que puede verse afectado el cliente.<\/li>\n<li class=\"rtejustify\">Servicio Jur\u00eddico de consultor\u00eda telef\u00f3nica, o v\u00eda email, a la que pueden Uds. acudir, con el fin de solventar dudas o problemas jur\u00eddicos que puedan presentarse o necesarios para la toma de sus decisiones.<\/li>\n<li class=\"rtejustify\">Remisi\u00f3n de informes y circulares respecto a modificaciones legales o de inter\u00e9s<\/li>\n<li class=\"rtejustify\">Representaci\u00f3n en Concursos. Notificaci\u00f3n de Saldo para inclusi\u00f3n en Lista de Acreedores y en Convenio.<\/li>\n<li class=\"rtejustify\">Revisi\u00f3n de contratos previos a su firma.<\/li>\n<li class=\"rtejustify\">Formaci\u00f3n continuada. Conferencias sobre aspectos Legales de inter\u00e9s en la sede del Asociado (bajo petici\u00f3n y supeditado a agenda) .<u>Consulte nuestro temario<\/u>: 1.-Contrataci\u00f3n: consejos y pr\u00e1cticas a evitar. 2.- Garant\u00edas de pago. 3.- Importancia de los Plazos y su cumplimiento en los asuntos de reclamaci\u00f3n de cantidad. 4.- La Responsabilidad Penal de la Persona Jur\u00eddica y los Compliance Program. 5.- Documentaci\u00f3n acreditativa de la deuda, etc&#8230; <em>No incluido en la cuota los gastos de desplazamiento fuera de Barcelona<\/em><\/li>\n<li class=\"rtejustify\">Localizaci\u00f3n diaria a nivel nacional, y servicio de alerta en su caso, de sociedades en fase de Liquidaci\u00f3n Concursal (<em>PROXIMAMENTE!!<\/em>)<\/li>\n<\/ul>\n<p class=\"rtejustify\">Adem\u00e1s, los suscriptores del SERVICIO DE CONTROL Y PREVENCION DE RIESGOS, se benefician de un Baremo de Honorarios Especiales, econ\u00f3micamente m\u00e1s ventajosos, en todos aquellos asuntos judiciales cuya tramitaci\u00f3n encomiende a DEL CERRO LEON Y ROYO ABOGADOS, S.L.P.<\/p>\n","protected":false},"excerpt":{"rendered":"<p>Nuestro servicio m\u00e1s demandado, del que fuimos pioneros en este pa\u00eds. Es la herramienta ideada por este despacho para empresas de cualquier tama\u00f1o, especialmente para\u00a0 ayudar o dar soporte a departamentos de Cr\u00e9dito, Legal y Compliance Officer, PYMES o emprendedores. Se trata de facilitar de forma constante informaci\u00f3n y formaci\u00f3n, \u00fatil y actualizada para que [&hellip;]<\/p>\n","protected":false},"author":3,"featured_media":0,"parent":0,"menu_order":0,"comment_status":"closed","ping_status":"closed","template":"","meta":{"footnotes":""},"class_list":["post-32","page","type-page","status-publish","hentry"],"_links":{"self":[{"href":"http:\/\/dclrabogados.com\/www\/wp-json\/wp\/v2\/pages\/32","targetHints":{"allow":["GET"]}}],"collection":[{"href":"http:\/\/dclrabogados.com\/www\/wp-json\/wp\/v2\/pages"}],"about":[{"href":"http:\/\/dclrabogados.com\/www\/wp-json\/wp\/v2\/types\/page"}],"author":[{"embeddable":true,"href":"http:\/\/dclrabogados.com\/www\/wp-json\/wp\/v2\/users\/3"}],"replies":[{"embeddable":true,"href":"http:\/\/dclrabogados.com\/www\/wp-json\/wp\/v2\/comments?post=32"}],"version-history":[{"count":2,"href":"http:\/\/dclrabogados.com\/www\/wp-json\/wp\/v2\/pages\/32\/revisions"}],"predecessor-version":[{"id":69,"href":"http:\/\/dclrabogados.com\/www\/wp-json\/wp\/v2\/pages\/32\/revisions\/69"}],"wp:attachment":[{"href":"http:\/\/dclrabogados.com\/www\/wp-json\/wp\/v2\/media?parent=32"}],"curies":[{"name":"wp","href":"https:\/\/api.w.org\/{rel}","templated":true}]}}